{"id":709,"date":"2026-04-14T09:03:39","date_gmt":"2026-04-14T09:03:39","guid":{"rendered":"https:\/\/valerieocallaghan.com\/?page_id=709"},"modified":"2026-04-14T09:07:12","modified_gmt":"2026-04-14T09:07:12","slug":"privacy-policy","status":"publish","type":"page","link":"https:\/\/valerieocallaghan.com\/en\/politica-de-privacidad\/","title":{"rendered":"Privacy Policy"},"content":{"rendered":"<div data-elementor-type=\"wp-page\" data-elementor-id=\"709\" class=\"elementor elementor-709\" data-elementor-post-type=\"page\">\n\t\t\t\t<div class=\"elementor-element elementor-element-c12b1ce e-flex e-con-boxed e-con e-parent\" data-id=\"c12b1ce\" data-element_type=\"container\" data-e-type=\"container\">\n\t\t\t\t\t<div class=\"e-con-inner\">\n\t\t\t\t<div class=\"elementor-element elementor-element-3edb3b3 elementor-widget elementor-widget-heading\" data-id=\"3edb3b3\" data-element_type=\"widget\" data-e-type=\"widget\" data-widget_type=\"heading.default\">\n\t\t\t\t\t<h1 class=\"elementor-heading-title elementor-size-default\">Privacy Policy<\/h1>\t\t\t\t<\/div>\n\t\t\t\t<div class=\"elementor-element elementor-element-753ea80 elementor-widget elementor-widget-text-editor\" data-id=\"753ea80\" data-element_type=\"widget\" data-e-type=\"widget\" data-widget_type=\"text-editor.default\">\n\t\t\t\t\t\t\t\t\t<div class=\"ql-block\" data-block-id=\"block-b0989eba-ad94-4ecd-bdba-c9699a5d377c\">This Privacy Policy, together with the Participation Rules and the Legal Notice, constitutes the legal framework that governs the use of the website <a href=\"https:\/\/valerieocallaghan.com\/en\/\">https:\/\/valerieocallaghan.com\/<\/a>\u00a0This Privacy Policy specifically regulates the use and processing that THE COMPANY gives to your personal data as a user of the Website, since by accessing this website you become a user of this website (hereinafter, the \u201cUser\u201d).<\/div><p>\u00a0<\/p><div class=\"ql-block ql-align-justify\" data-block-id=\"block-41b2257d-149e-4db4-818c-785a5af5fbe3\"><strong>This website is owned by:<\/strong><\/div><div class=\"ql-block ql-align-justify\" data-block-id=\"block-b4f8c65b-c15a-4e09-a3d2-73f7820979f5\">Val\u00e9rie LHOMMEDET O&#039;CALLAGHA, with CIF: X2139167Y, hereinafter the COMPANY.<\/div><div class=\"ql-block\" data-block-id=\"block-f870ed6f-9345-432b-b35e-e8e081f40f46\">This Privacy Policy is available in Catalan on the Website for you to consult, save, or print at any time. It may change over time due to modifications to the Website, new legislation or case law, new criteria from the Spanish Data Protection Agency, or new European regulations that require us to make future changes. Therefore, the COMPANY reserves the right to modify this Privacy Policy and recommends that you carefully read it each time you access the Website.<\/div><p>\u00a0<\/p><div class=\"ql-block ql-align-justify\" data-block-id=\"block-1c000ca0-d0cc-4132-bc0f-85b6c89c26d7\"><strong>Confidentiality<\/strong><\/div><div class=\"ql-block ql-align-justify\" data-block-id=\"block-bef07785-8dec-452e-8014-9077b5f8a65c\">The COMPANY undertakes to comply with its obligation to keep personal data secret and the duty to keep it confidential and adopts the necessary measures to prevent its alteration, loss, unauthorized processing or access, taking into account at all times the state of technology.<\/div><div class=\"ql-block ql-align-justify\" data-block-id=\"block-bb180ae9-fbd0-48a0-8e55-dc6c8aeeaac7\">\u00a0<\/div><div class=\"ql-block ql-align-justify\" data-block-id=\"block-1ea3462c-d19b-4bb2-900e-531359afad7e\"><strong>Data security<\/strong><\/div><div class=\"ql-block ql-align-justify\" data-block-id=\"block-1f93f98f-93a2-4d1d-9f4b-ab8d89468570\">The COMPANY guarantees the adoption of appropriate measures to ensure the confidential processing of this data. Therefore, it has implemented all necessary technical and organizational security measures to guarantee the integrity, confidentiality, and availability of the personal data provided by the user, in particular those stipulated in the GDPR (General Data Protection Regulation \u2013 EU 2016) \/679, of April 27), which has broadened the scope of Organic Law 15\/1999, of December 13, on the Protection of Personal Data (LOPD) and its implementing regulation, Royal Decree 1720\/2007.<\/div><div class=\"ql-block ql-align-justify\" data-block-id=\"block-16101b2f-7501-42d7-aad1-144c0d35a004\">\u00a0<\/div><div class=\"ql-block ql-align-justify\" data-block-id=\"block-312e5122-2673-465a-b3d7-9ced0238f1cd\"><strong>Protection of personal data<\/strong><\/div><div class=\"ql-block ql-align-justify\" data-block-id=\"block-1037db96-4606-4282-bd04-f8297d21957d\">The personal data provided voluntarily will be treated confidentially, under the protection and specifications contained in the current regulations, and will be collected in a file duly registered with the Data Protection Agency, whose responsible party is THE COMPANY, and whose purpose is the management of users and subscribers, as well as the online sale of products and the resolution of queries.<\/div><div class=\"ql-block ql-align-justify\" data-block-id=\"block-eb22e2b1-c000-42ee-8e22-f0b53b3697d5\">\u00a0<\/div><div class=\"ql-block ql-align-justify\" data-block-id=\"block-48fd267c-26e7-428e-b8aa-ec4e3099bbd9\">The legal basis for data processing is the subscriber&#039;s consent. We process the personal data of newsletter subscribers for the sole purpose of sending them our newsletter. We process the personal data of registered users and paid subscribers for the sole purpose of managing their relationship with THE COMPANY, collecting fees (where applicable), organizing activities and campaigns, and sending informational and commercial communications (including electronically).<\/div><div class=\"ql-block ql-align-justify\" data-block-id=\"block-b4ea6dd3-bd13-4930-9daa-79a3fe70cdef\">\u00a0<\/div><div class=\"ql-block ql-align-justify\" data-block-id=\"block-55be476f-de5c-4ddd-b6be-7031f2f21934\">Personal data will not be transferred to third parties (except where legally required) and will be kept for a period of six (6) years in accordance with current accounting regulations and, where applicable, for ten (10) years in accordance with anti-money laundering regulations.<\/div><div class=\"ql-block ql-align-justify\" data-block-id=\"block-3fd0f173-bc46-4517-abe7-b5cb7983355b\">\u00a0<\/div><div class=\"ql-block ql-align-justify\" data-block-id=\"block-66f3237c-40cf-4736-8cd3-1d2da9ee4517\">Users can access their personal data, as well as request the rectification of inaccurate data or, where appropriate, request its cancellation or deletion when the data is no longer necessary for the purposes for which it was collected. They may also request the restriction, portability, and objection to the processing of their data, in certain circumstances and for reasons related to their particular situation.<\/div><div class=\"ql-block ql-align-justify\" data-block-id=\"block-31f8057f-7a39-4b0f-9c9e-3efd07b95d38\">\u00a0<\/div><div class=\"ql-block ql-align-justify\" data-block-id=\"block-040b8da2-09c3-4f33-ad52-63f71b6b2f93\">You may revoke your consent to receive commercial communications and exercise the rights referred to above by sending an email to <a href=\"mailto:vaocallaghan@gmail.com\">vaocallaghan@gmail.com<\/a>\u00a0or by sending a letter to the data controller located at the company&#039;s registered address, in both cases with the reference: &quot;Data Protection&quot;, through a signed letter and attaching a copy of your ID.<\/div><div class=\"ql-block ql-align-justify\" data-block-id=\"block-2bce9ee0-330a-4b2c-9f34-ec961e3be88f\">\u00a0<\/div><div class=\"ql-block ql-align-justify\" data-block-id=\"block-ecebfd96-3422-4834-8480-57fe7d63a6bd\"><strong>Information about cookies<\/strong><\/div><div class=\"ql-block ql-align-justify\" data-block-id=\"block-3c785553-be5d-4c9e-ba65-302c63eac292\">The website uses cookies (&#039;cookies&#039;) when the user navigates its websites to facilitate personalization and ease of navigation.<\/div><div class=\"ql-block ql-align-justify\" data-block-id=\"block-67b1fa8e-1938-47cf-ac52-2dc7722500f2\">\u00a0<\/div><div class=\"ql-block ql-align-justify\" data-block-id=\"block-5f4115ac-45c0-4ce1-8e18-ead6ff9449c3\">A cookie is a piece of information sent from a web server to a browser that can be returned by the browser on subsequent visits to that server. Cookies are associated with an anonymous user and their computer and do not, by themselves, provide the user&#039;s name or surname.<\/div><div class=\"ql-block ql-align-justify\" data-block-id=\"block-aa7f14d4-e01e-4cf2-a215-e2de3f5ce2c4\">\u00a0<\/div><div class=\"ql-block ql-align-justify\" data-block-id=\"block-694f26c3-98f1-4d18-a44a-46bfc778f8bc\">This website uses Google cookies to display advertisements based on previous visits to this website or other websites that also display Google ads. Users can opt out of advertising tracking by going to: <a class=\"ql-link\" href=\"https:\/\/www.google.com\/settings\/ads\" target=\"_blank\" rel=\"noopener noreferrer\">https:\/\/www.google.com\/settings\/ads<\/a><\/div><div class=\"ql-block ql-align-justify\" data-block-id=\"block-f6904aca-557a-4990-96eb-6453ebca8a9b\">\u00a0<\/div><div class=\"ql-block ql-align-justify\" data-block-id=\"block-aa3c4584-14ca-4718-a26e-268e5a965479\"><strong>Type of cookies<\/strong><\/div><ul><li>Registration Cookies: To identify the user who has logged in.<\/li><li>Advertising Cookies: In order to offer advertising content related to the user&#039;s interests, either directly or through third parties called Adservers.<\/li><li>Analytical Cookies: To obtain information related to audience measurement.<\/li><li>Geo-location cookies: They provide information about the user&#039;s geographic location.<\/li><\/ul><div class=\"ql-block ql-align-justify\" data-block-id=\"block-5714bc68-f8b9-49cb-a6ec-902cdb0e23bb\">\u00a0<\/div><div class=\"ql-block ql-align-justify\" data-block-id=\"block-d2fd2b2f-bb43-4388-a574-4cb2480b075c\">Users can configure their browser to notify them when cookies are received, and if desired, prevent them from being installed on their hard drive. However, cookies are not required to access the website.<\/div><div class=\"ql-block ql-align-justify\" data-block-id=\"block-f61dd2ba-2943-4a6f-ae98-e8c6713d727a\">\u00a0<\/div><div class=\"ql-block ql-align-justify\" data-block-id=\"block-d0e2814e-5e5e-44ea-adf9-d5c0593de6b3\">Depending on the type of browser the user uses, they can disable the use of cookies in:<\/div><div class=\"ql-block ql-align-justify\" data-block-id=\"block-767a2f2b-dc71-4a55-a6ee-51787c830d62\">Chrome: Settings &gt; Advanced settings &gt; Privacy and security &gt; Content settings<\/div><div class=\"ql-block ql-align-justify\" data-block-id=\"block-189788c7-d7b3-4ea7-b4db-f926465f0026\">Firefox: Options &gt; Privacy and Security<\/div><div class=\"ql-block ql-align-justify\" data-block-id=\"block-ecd0c2f3-4dd4-4eda-bfc4-2d2a71514c75\">Edge: Settings &gt; Advanced settings &gt; Privacy and services<\/div><div class=\"ql-block ql-align-justify\" data-block-id=\"block-0be5ddb4-5064-4dff-938f-f1bb45676492\">Safari: Preferences &gt; Privacy<\/div><div class=\"ql-block ql-align-justify\" data-block-id=\"block-698c473b-f9f0-49de-b06a-4f97a917e084\">\u00a0<\/div><div class=\"ql-block ql-align-justify\" data-block-id=\"block-4717c2a6-ef33-4db6-89c8-68af0afbe501\"><strong>LSSICE<\/strong><\/div><div class=\"ql-block ql-align-justify\" data-block-id=\"block-7a712161-8758-44bd-9f39-3400239f9ad6\">We also inform you that we do not use this data to send unsolicited or unauthorized commercial communications by email, as stipulated in the LSSICE.<\/div><div class=\"ql-block ql-align-justify\" data-block-id=\"block-5356b3e6-24d5-416f-90f4-08002362d95b\">\u00a0<\/div><div class=\"ql-block ql-align-justify\" data-block-id=\"block-52b659b2-c7ed-494b-96e2-ed60b4120e9f\"><strong>Communications<\/strong><\/div><div class=\"ql-block ql-align-justify\" data-block-id=\"block-c6125df7-aa78-4d61-b69d-fc6fb72ac374\">For any notification related to this contract, the COMPANY expressly designates the address shown in this document as its address, and the user expressly designates the address shown on the application form as their address. To complete the contract, the user agrees to keep the email address provided for communications with the COMPANY operational, active, and up-to-date, as this is the preferred (though not the only) means of communication. The user generally agrees and undertakes to keep their personal and contact information permanently updated and must reliably notify the COMPANY of any changes. Failure to do so will mean that notifications sent to the address shown on the form will be considered valid.<\/div><div class=\"ql-block ql-align-justify\" data-block-id=\"block-e17a8a74-62b5-42f2-b6d0-0e7bd6f47db8\">\u00a0<\/div><div class=\"ql-block ql-align-justify\" data-block-id=\"block-cffa9175-98da-41f8-b4b6-0417e7afa253\"><strong>Nullity and ineffectiveness of the clauses<\/strong><\/div><div class=\"ql-block ql-align-justify\" data-block-id=\"block-10edce43-e32d-460a-aefb-8a0b997738b4\">If any clause of this Privacy Policy together with the Privacy Policy and the Cookies Policy is declared wholly or partially null or ineffective, it will only affect that provision or part of it that is null or ineffective, with the rest of the general conditions remaining in full force and effect and such provision or the part of it that is affected being deemed not to have been included, unless, if it is essential to these general conditions, it should affect them in their entirety.<\/div><div class=\"ql-block ql-align-justify\" data-block-id=\"block-4ef82436-bda8-4c37-982c-6b55896d21d6\">\u00a0<\/div><div class=\"ql-block ql-align-justify\" data-block-id=\"block-973854f3-aaa6-4db6-9d74-355ba5b10628\"><strong>Applicable law and jurisdiction<\/strong><\/div><div class=\"ql-block ql-align-justify\" data-block-id=\"block-c409f606-ace4-48e7-b021-d3808c827d11\">For the resolution of all disputes or issues related to this website or the activities carried out on it, Spanish law shall apply in all cases, to which the parties expressly submit. The mere use of the services on this website implies express acceptance of this submission to Spanish jurisdiction.<\/div><div class=\"ql-block ql-align-justify\" data-block-id=\"block-32261467-29b3-41ef-b2fa-36e8b9ad431e\">\u00a0<\/div><div class=\"ql-block ql-align-justify\" data-block-id=\"block-80488ef9-9c5b-4bf8-a27e-0ce212a29924\">Furthermore, and with the exception of what is expressed in the following paragraph, the parties involved agree that any dispute, disagreement, issue or claim arising from the execution or interpretation of these conditions or related to them, or from other texts that may exist on the website, will be definitively resolved by submitting to the Courts and Tribunals of Barcelona with express waiver of any other jurisdiction or demarcation that may be competent.<\/div><div class=\"ql-block ql-align-justify\" data-block-id=\"block-d5a67360-cef7-4465-af29-55a8a85e64c4\">\u00a0<\/div><div class=\"ql-block ql-align-justify\" data-block-id=\"block-dbf5c4e4-929c-42ec-886c-4141453296ec\">The preceding paragraph does not apply if one of the parties is a consumer or user as defined by the Consumer and User Protection regulations (Royal Legislative Decree 1\/2007, of November 16, which approves the consolidated text of the General Law for the Defense of Consumers and Users and other complementary laws), in such case, (and for a conflict related to and covered by the Law) the position designated in said legislation would be applied preferentially.<\/div>\t\t\t\t\t\t\t\t<\/div>\n\t\t\t\t\t<\/div>\n\t\t\t\t<\/div>\n\t\t\t\t<\/div>","protected":false},"excerpt":{"rendered":"<p>La presente Pol\u00edtica de Privacidad constituye junto con las Normas de participaci\u00f3n y el aviso legal el marco jur\u00eddico que regula el uso del sitio web https:\/\/valerieocallaghan.com\/\u00a0La presente Pol\u00edtica de Privacidad en concreto regula el uso y tratamiento que LA EMPRESA da a sus datos de car\u00e1cter personal como usuario del Sitio web, ya que [&hellip;]<\/p>\n","protected":false},"author":1,"featured_media":0,"parent":0,"menu_order":0,"comment_status":"closed","ping_status":"closed","template":"","meta":{"footnotes":""},"class_list":["post-709","page","type-page","status-publish","hentry"],"_links":{"self":[{"href":"https:\/\/valerieocallaghan.com\/en\/wp-json\/wp\/v2\/pages\/709","targetHints":{"allow":["GET"]}}],"collection":[{"href":"https:\/\/valerieocallaghan.com\/en\/wp-json\/wp\/v2\/pages"}],"about":[{"href":"https:\/\/valerieocallaghan.com\/en\/wp-json\/wp\/v2\/types\/page"}],"author":[{"embeddable":true,"href":"https:\/\/valerieocallaghan.com\/en\/wp-json\/wp\/v2\/users\/1"}],"replies":[{"embeddable":true,"href":"https:\/\/valerieocallaghan.com\/en\/wp-json\/wp\/v2\/comments?post=709"}],"version-history":[{"count":7,"href":"https:\/\/valerieocallaghan.com\/en\/wp-json\/wp\/v2\/pages\/709\/revisions"}],"predecessor-version":[{"id":717,"href":"https:\/\/valerieocallaghan.com\/en\/wp-json\/wp\/v2\/pages\/709\/revisions\/717"}],"wp:attachment":[{"href":"https:\/\/valerieocallaghan.com\/en\/wp-json\/wp\/v2\/media?parent=709"}],"curies":[{"name":"wp","href":"https:\/\/api.w.org\/{rel}","templated":true}]}}